{"id":14270,"date":"2023-07-20T13:41:28","date_gmt":"2023-07-20T10:41:28","guid":{"rendered":"https:\/\/dementsus.ee\/%d0%bf%d0%be%d0%bb%d0%b5%d0%b7%d0%bd%d0%be%d0%b5-%d1%87%d1%82%d0%b5%d0%bd%d0%b8%d0%b5\/"},"modified":"2024-02-14T18:44:52","modified_gmt":"2024-02-14T16:44:52","slug":"%d0%bf%d0%be%d0%bb%d0%b5%d0%b7%d0%bd%d0%be%d0%b5-%d1%87%d1%82%d0%b5%d0%bd%d0%b8%d0%b5","status":"publish","type":"page","link":"https:\/\/dementsus.ee\/ru\/%d0%bf%d0%be%d0%bb%d0%b5%d0%b7%d0%bd%d0%be%d0%b5-%d1%87%d1%82%d0%b5%d0%bd%d0%b8%d0%b5\/","title":{"rendered":"\u041f\u043e\u043b\u0435\u0437\u043d\u043e\u0435 \u0447\u0442\u0435\u043d\u0438\u0435"},"content":{"rendered":"\t\t<div data-elementor-type=\"wp-page\" data-elementor-id=\"14270\" class=\"elementor elementor-14270 elementor-370\" data-elementor-post-type=\"page\">\n\t\t\t\t<div class=\"elementor-element elementor-element-519e557 e-con-full e-flex e-con e-parent\" data-id=\"519e557\" data-element_type=\"container\" data-settings=\"{&quot;background_background&quot;:&quot;classic&quot;,&quot;jet_parallax_layout_list&quot;:[]}\">\n\t\t<div class=\"elementor-element elementor-element-aff87e8 e-flex e-con-boxed e-con e-child\" data-id=\"aff87e8\" data-element_type=\"container\" data-settings=\"{&quot;jet_parallax_layout_list&quot;:[]}\">\n\t\t\t\t\t<div class=\"e-con-inner\">\n\t\t\t\t\t<\/div>\n\t\t\t\t<\/div>\n\t\t\t\t<\/div>\n\t\t<div class=\"elementor-element elementor-element-65c8be2 e-flex e-con-boxed e-con e-parent\" data-id=\"65c8be2\" data-element_type=\"container\" data-settings=\"{&quot;jet_parallax_layout_list&quot;:[],&quot;background_background&quot;:&quot;classic&quot;}\">\n\t\t\t\t\t<div class=\"e-con-inner\">\n\t\t<div class=\"elementor-element elementor-element-99e493b e-con-full e-flex e-con e-child\" data-id=\"99e493b\" data-element_type=\"container\" data-settings=\"{&quot;jet_parallax_layout_list&quot;:[]}\">\n\t\t\t\t<div class=\"elementor-element elementor-element-bab43e2 elementor-widget elementor-widget-text-editor\" data-id=\"bab43e2\" data-element_type=\"widget\" data-widget_type=\"text-editor.default\">\n\t\t\t\t<div class=\"elementor-widget-container\">\n\t\t\t\t\t\t\t\t\t<p class=\"p1\">Ravi- ja patsiendijuhendid<\/p>\n\t\t\t\t\t\t\t\t<\/div>\n\t\t\t\t<\/div>\n\t\t\t\t<div class=\"elementor-element elementor-element-1829267 elementor-widget elementor-widget-text-editor\" data-id=\"1829267\" data-element_type=\"widget\" data-widget_type=\"text-editor.default\">\n\t\t\t\t<div class=\"elementor-widget-container\">\n\t\t\t\t\t\t\t\t\t<p>Ravijuhend on konkreetset haigusseisundit k\u00e4sitlev juhendmaterjal, milles antakse arstidele ja teistele tervishoiut\u00f6\u00f6tajatele juhiseid ja soovitusi t\u00f5endusp\u00f5histe ravimeetodite kohta. Eesti ravijuhendite koostajateks on valdkonna eksperdid ning igale valminud ravijuhendile annab oma heakskiidu ekspertidest koosnev n\u00f5ukoda.<\/p>\n<p>Ravijuhendiga koos valmib reeglina sama haigusseisundi kohta ka juhend patsiendile, kus on samuti toodud arstide poolt koostatud, h\u00e4sti l\u00e4bi m\u00f5eldud ja Eesti tervishoius\u00fcsteemis sobivad juhised ja soovitused.<\/p>\n<p>Dementsuse valdkonnaga seotud ravijuhenditest on Eestis koostatud Alzheimeri t\u00f5ve ravi k\u00e4sitlev ravijuhend ning selle juurde kuuluv patsiendijuhend.<\/p>\n<p><a href=\"https:\/\/www.ravijuhend.ee\/patsiendivarav\/juhendid\/185\/info-alzheimeri-tovega-inimestele-ja-nende-lahedastele\" target=\"_blank\" rel=\"noopener\">Alzheimeri t\u00f5ve patsiendijuhend<\/a><br \/><a href=\"https:\/\/www.ravijuhend.ee\/tervishoiuvarav\/juhendid\/202\/alzheimeri-tove-diagnostika-ja-ravi\" target=\"_blank\" rel=\"noopener\">Alzheimeri t\u00f5ve diagnostika ja ravi<\/a><\/p>\n<p>Teisi Eestis koostatud ravi- ja patsiendijuhendeid saab n\u00e4ha veebilehel\u00a0<a href=\"http:\/\/www.ravijuhend.ee\/\" target=\"_blank\" rel=\"noopener\">www.ravijuhend.ee<\/a><\/p>\n\t\t\t\t\t\t\t\t<\/div>\n\t\t\t\t<\/div>\n\t\t\t\t<\/div>\n\t\t<div class=\"elementor-element elementor-element-e7ab6c8 e-con-full e-flex e-con e-child\" data-id=\"e7ab6c8\" data-element_type=\"container\" data-settings=\"{&quot;jet_parallax_layout_list&quot;:[]}\">\n\t\t\t\t<div class=\"elementor-element elementor-element-c171a67 elementor-widget elementor-widget-text-editor\" data-id=\"c171a67\" data-element_type=\"widget\" data-widget_type=\"text-editor.default\">\n\t\t\t\t<div class=\"elementor-widget-container\">\n\t\t\t\t\t\t\t\t\t<p class=\"p1\">Tr\u00fckised ja uudiskirjad<\/p>\n\t\t\t\t\t\t\t\t<\/div>\n\t\t\t\t<\/div>\n\t\t\t\t<div class=\"elementor-element elementor-element-b2b7312 elementor-widget elementor-widget-text-editor\" data-id=\"b2b7312\" data-element_type=\"widget\" data-widget_type=\"text-editor.default\">\n\t\t\t\t<div class=\"elementor-widget-container\">\n\t\t\t\t\t\t\t\t\t<p><a href=\"https:\/\/dementsus.ee\/wp-content\/uploads\/2022\/04\/Raamat-U.-Linnamagi-M.-Varik-Alzheimeri-tobi-sinu-lahedasel-vene-keeles.pdf\">\u0411\u043e\u043b\u0435\u0437\u043d\u044c A\u043b\u044c\u0446\u0433\u0435\u0439\u043c\u0435\u0440\u0430 \u0443 \u0432\u0430\u0448\u0435\u0433\u043e \u0431\u043b\u0438\u0437\u043a\u043e\u0433\u043e<\/a><\/p><p><a href=\"https:\/\/dementsus.ee\/wp-content\/uploads\/2024\/02\/2.Voldik-Dementsusesobralik-keskkond-vene-keeles.pdf\">\u0411\u0443\u043a\u043b\u0435\u0442. \u041e\u0440\u0433\u0430\u043d\u0438\u0437\u0430\u0446\u0438\u044f \u0441\u0440\u0435\u0434\u044b, \u043e\u043a\u0440\u0443\u0436\u0430\u044e\u0449\u0435\u0439 \u0431\u043e\u043b\u044c\u043d\u043e\u0433\u043e \u0434\u0435\u043c\u0435\u043d\u0446\u0438\u0435\u0439<\/a><\/p><p><a href=\"https:\/\/dementsus.ee\/wp-content\/uploads\/2024\/02\/1.Voldik-Dementsus-vene-keeles.pdf\">\u0411\u0443\u043a\u043b\u0435\u0442.\u00a0\u0414\u0435\u043c\u0435\u043d\u0446\u0438\u044f<\/a><\/p><p><a href=\"https:\/\/dementsus.ee\/wp-content\/uploads\/2024\/02\/6._Voldik-Juriidiline-teave-dementsusega-inimestele-ja-nende-lahedastele-vene-keeles.pdf\">\u0411\u0443\u043a\u043b\u0435\u0442. \u042e\u0440\u0438\u0434\u0438\u0447\u0435\u0441\u043a\u0430\u044f \u0438\u043d\u0444\u043e\u0440\u043c\u0430\u0446\u0438\u044f \u0434\u043b\u044f\u043b\u044e\u0434\u0435\u0439\u0441 \u0434\u0435\u043c\u0435\u043d\u0446\u0438\u0435\u0439 \u0438\u0438\u0445\u0431\u043b\u0438\u0437\u043a\u0438\u0445<\/a><\/p><p><a href=\"https:\/\/dementsus.ee\/wp-content\/uploads\/2024\/02\/3.Voldik-Teenused-vene-keeles.pdf\">\u0411\u0443\u043a\u043b\u0435\u0442. \u0423\u0441\u043b\u0443\u0433\u0438<\/a><\/p><p><a href=\"https:\/\/dementsus.ee\/wp-content\/uploads\/2024\/02\/4.Voldik-Kerge-kognitiivne-haire-vene-keeles_.pdf\">\u0411\u0443\u043a\u043b\u0435\u0442. \u041b\u0435\u0433\u043a\u043e\u0435 \u043a\u043e\u0433\u043d\u0438\u0442\u0438\u0432\u043d\u043e\u0435 \u0440\u0430\u0441\u0441\u0442\u0440\u043e\u0439\u0441\u0442\u0432\u043e<\/a><\/p><p><a href=\"https:\/\/dementsus.ee\/wp-content\/uploads\/2024\/02\/5.Voldik-Tugigrupid-dementsusega-inimese-lahedastele-vene-keeles.pdf\">\u0411\u0443\u043a\u043b\u0435\u0442. \u0413\u0440\u0443\u043f\u043f\u044b \u043f\u043e\u0434\u0434\u0435\u0440\u0436\u043a\u0438 \u0434\u043b\u044f \u043b\u044e\u0434\u0435\u0439, \u0443\u0445\u0430\u0436\u0438\u0432\u0430\u044e\u0449\u0438\u0445 \u0437\u0430 \u0431\u043e\u043b\u044c\u043d\u044b\u043c\u0438 \u0441 \u0434\u0435\u043c\u0435\u043d\u0446\u0438\u0435\u0439<\/a><\/p><div>Asutus v\u00f5i organisatsioon, kes soovib tr\u00fckiseid jagada dementsusega inimestele ja l\u00e4hedastele, v\u00f5tke palun \u00fchendust info@dementsus.ee. Saadame tr\u00fckised postipakiga v\u00f5i toimetame ise kohale!<\/div>\t\t\t\t\t\t\t\t<\/div>\n\t\t\t\t<\/div>\n\t\t\t\t<\/div>\n\t\t\t\t\t<\/div>\n\t\t\t\t<\/div>\n\t\t\t\t<\/div>\n\t\t","protected":false},"excerpt":{"rendered":"<p>Ravi- ja patsiendijuhendid Ravijuhend on konkreetset haigusseisundit k\u00e4sitlev juhendmaterjal, milles antakse arstidele ja teistele tervishoiut\u00f6\u00f6tajatele juhiseid ja soovitusi t\u00f5endusp\u00f5histe ravimeetodite kohta. Eesti ravijuhendite koostajateks on valdkonna eksperdid ning igale valminud ravijuhendile annab oma heakskiidu ekspertidest koosnev n\u00f5ukoda. Ravijuhendiga koos valmib reeglina sama haigusseisundi kohta ka juhend patsiendile, kus on samuti toodud arstide poolt koostatud, h\u00e4sti [&hellip;]<\/p>\n","protected":false},"author":2,"featured_media":0,"parent":0,"menu_order":0,"comment_status":"closed","ping_status":"closed","template":"","meta":{"footnotes":""},"class_list":["post-14270","page","type-page","status-publish","hentry"],"yoast_head":"<!-- This site is optimized with the Yoast SEO plugin v26.2 - https:\/\/yoast.com\/wordpress\/plugins\/seo\/ -->\n<title>\u041f\u043e\u043b\u0435\u0437\u043d\u043e\u0435 \u0447\u0442\u0435\u043d\u0438\u0435 - Dementsuse Kompetentsikeskus<\/title>\n<meta name=\"description\" content=\"Voldik Dementsus, Dementsuse S\u00f5brad, Juriidiline teave dementsusega inimestele ja nende l\u00e4hedastele, Alzheimeri t\u00f5ve patsiendijuhend jne\" \/>\n<meta name=\"robots\" content=\"index, follow, max-snippet:-1, max-image-preview:large, max-video-preview:-1\" \/>\n<link rel=\"canonical\" href=\"https:\/\/dementsus.ee\/ru\/%d0%bf%d0%be%d0%bb%d0%b5%d0%b7%d0%bd%d0%be%d0%b5-%d1%87%d1%82%d0%b5%d0%bd%d0%b8%d0%b5\/\" \/>\n<meta property=\"og:locale\" content=\"ru_RU\" \/>\n<meta property=\"og:type\" content=\"article\" \/>\n<meta property=\"og:title\" content=\"\u041f\u043e\u043b\u0435\u0437\u043d\u043e\u0435 \u0447\u0442\u0435\u043d\u0438\u0435 - Dementsuse Kompetentsikeskus\" \/>\n<meta property=\"og:description\" content=\"Voldik Dementsus, Dementsuse S\u00f5brad, Juriidiline teave dementsusega inimestele ja nende l\u00e4hedastele, Alzheimeri t\u00f5ve patsiendijuhend jne\" \/>\n<meta property=\"og:url\" content=\"https:\/\/dementsus.ee\/ru\/%d0%bf%d0%be%d0%bb%d0%b5%d0%b7%d0%bd%d0%be%d0%b5-%d1%87%d1%82%d0%b5%d0%bd%d0%b8%d0%b5\/\" \/>\n<meta property=\"og:site_name\" content=\"Dementsuse Kompetentsikeskus\" \/>\n<meta property=\"article:modified_time\" content=\"2024-02-14T16:44:52+00:00\" \/>\n<meta name=\"twitter:card\" content=\"summary_large_image\" \/>\n<meta name=\"twitter:label1\" content=\"\u041f\u0440\u0438\u043c\u0435\u0440\u043d\u043e\u0435 \u0432\u0440\u0435\u043c\u044f \u0434\u043b\u044f \u0447\u0442\u0435\u043d\u0438\u044f\" \/>\n\t<meta name=\"twitter:data1\" content=\"1 \u043c\u0438\u043d\u0443\u0442\u0430\" \/>\n<script type=\"application\/ld+json\" class=\"yoast-schema-graph\">{\"@context\":\"https:\/\/schema.org\",\"@graph\":[{\"@type\":\"WebPage\",\"@id\":\"https:\/\/dementsus.ee\/ru\/%d0%bf%d0%be%d0%bb%d0%b5%d0%b7%d0%bd%d0%be%d0%b5-%d1%87%d1%82%d0%b5%d0%bd%d0%b8%d0%b5\/\",\"url\":\"https:\/\/dementsus.ee\/ru\/%d0%bf%d0%be%d0%bb%d0%b5%d0%b7%d0%bd%d0%be%d0%b5-%d1%87%d1%82%d0%b5%d0%bd%d0%b8%d0%b5\/\",\"name\":\"\u041f\u043e\u043b\u0435\u0437\u043d\u043e\u0435 \u0447\u0442\u0435\u043d\u0438\u0435 - Dementsuse Kompetentsikeskus\",\"isPartOf\":{\"@id\":\"https:\/\/dementsus.ee\/ru\/#website\"},\"datePublished\":\"2023-07-20T10:41:28+00:00\",\"dateModified\":\"2024-02-14T16:44:52+00:00\",\"description\":\"Voldik Dementsus, Dementsuse S\u00f5brad, Juriidiline teave dementsusega inimestele ja nende l\u00e4hedastele, Alzheimeri t\u00f5ve patsiendijuhend jne\",\"breadcrumb\":{\"@id\":\"https:\/\/dementsus.ee\/ru\/%d0%bf%d0%be%d0%bb%d0%b5%d0%b7%d0%bd%d0%be%d0%b5-%d1%87%d1%82%d0%b5%d0%bd%d0%b8%d0%b5\/#breadcrumb\"},\"inLanguage\":\"ru-RU\",\"potentialAction\":[{\"@type\":\"ReadAction\",\"target\":[\"https:\/\/dementsus.ee\/ru\/%d0%bf%d0%be%d0%bb%d0%b5%d0%b7%d0%bd%d0%be%d0%b5-%d1%87%d1%82%d0%b5%d0%bd%d0%b8%d0%b5\/\"]}]},{\"@type\":\"BreadcrumbList\",\"@id\":\"https:\/\/dementsus.ee\/ru\/%d0%bf%d0%be%d0%bb%d0%b5%d0%b7%d0%bd%d0%be%d0%b5-%d1%87%d1%82%d0%b5%d0%bd%d0%b8%d0%b5\/#breadcrumb\",\"itemListElement\":[{\"@type\":\"ListItem\",\"position\":1,\"name\":\"Esileht\",\"item\":\"https:\/\/dementsus.ee\/ru\/\"},{\"@type\":\"ListItem\",\"position\":2,\"name\":\"\u041f\u043e\u043b\u0435\u0437\u043d\u043e\u0435 \u0447\u0442\u0435\u043d\u0438\u0435\"}]},{\"@type\":\"WebSite\",\"@id\":\"https:\/\/dementsus.ee\/ru\/#website\",\"url\":\"https:\/\/dementsus.ee\/ru\/\",\"name\":\"Dementsuse Kompetentsikeskus\",\"description\":\"dementsuse info ja abi\",\"publisher\":{\"@id\":\"https:\/\/dementsus.ee\/ru\/#organization\"},\"potentialAction\":[{\"@type\":\"SearchAction\",\"target\":{\"@type\":\"EntryPoint\",\"urlTemplate\":\"https:\/\/dementsus.ee\/ru\/?s={search_term_string}\"},\"query-input\":{\"@type\":\"PropertyValueSpecification\",\"valueRequired\":true,\"valueName\":\"search_term_string\"}}],\"inLanguage\":\"ru-RU\"},{\"@type\":\"Organization\",\"@id\":\"https:\/\/dementsus.ee\/ru\/#organization\",\"name\":\"Dementsuse Kompetentsikeskus\",\"url\":\"https:\/\/dementsus.ee\/ru\/\",\"logo\":{\"@type\":\"ImageObject\",\"inLanguage\":\"ru-RU\",\"@id\":\"https:\/\/dementsus.ee\/ru\/#\/schema\/logo\/image\/\",\"url\":\"https:\/\/dementsus.ee\/wp-content\/uploads\/2023\/07\/ED_logo_kodukale.svg\",\"contentUrl\":\"https:\/\/dementsus.ee\/wp-content\/uploads\/2023\/07\/ED_logo_kodukale.svg\",\"width\":200,\"height\":53,\"caption\":\"Dementsuse Kompetentsikeskus\"},\"image\":{\"@id\":\"https:\/\/dementsus.ee\/ru\/#\/schema\/logo\/image\/\"}}]}<\/script>\n<!-- \/ Yoast SEO plugin. -->","yoast_head_json":{"title":"\u041f\u043e\u043b\u0435\u0437\u043d\u043e\u0435 \u0447\u0442\u0435\u043d\u0438\u0435 - Dementsuse Kompetentsikeskus","description":"Voldik Dementsus, Dementsuse S\u00f5brad, Juriidiline teave dementsusega inimestele ja nende l\u00e4hedastele, Alzheimeri t\u00f5ve patsiendijuhend jne","robots":{"index":"index","follow":"follow","max-snippet":"max-snippet:-1","max-image-preview":"max-image-preview:large","max-video-preview":"max-video-preview:-1"},"canonical":"https:\/\/dementsus.ee\/ru\/%d0%bf%d0%be%d0%bb%d0%b5%d0%b7%d0%bd%d0%be%d0%b5-%d1%87%d1%82%d0%b5%d0%bd%d0%b8%d0%b5\/","og_locale":"ru_RU","og_type":"article","og_title":"\u041f\u043e\u043b\u0435\u0437\u043d\u043e\u0435 \u0447\u0442\u0435\u043d\u0438\u0435 - Dementsuse Kompetentsikeskus","og_description":"Voldik Dementsus, Dementsuse S\u00f5brad, Juriidiline teave dementsusega inimestele ja nende l\u00e4hedastele, Alzheimeri t\u00f5ve patsiendijuhend jne","og_url":"https:\/\/dementsus.ee\/ru\/%d0%bf%d0%be%d0%bb%d0%b5%d0%b7%d0%bd%d0%be%d0%b5-%d1%87%d1%82%d0%b5%d0%bd%d0%b8%d0%b5\/","og_site_name":"Dementsuse Kompetentsikeskus","article_modified_time":"2024-02-14T16:44:52+00:00","twitter_card":"summary_large_image","twitter_misc":{"\u041f\u0440\u0438\u043c\u0435\u0440\u043d\u043e\u0435 \u0432\u0440\u0435\u043c\u044f \u0434\u043b\u044f \u0447\u0442\u0435\u043d\u0438\u044f":"1 \u043c\u0438\u043d\u0443\u0442\u0430"},"schema":{"@context":"https:\/\/schema.org","@graph":[{"@type":"WebPage","@id":"https:\/\/dementsus.ee\/ru\/%d0%bf%d0%be%d0%bb%d0%b5%d0%b7%d0%bd%d0%be%d0%b5-%d1%87%d1%82%d0%b5%d0%bd%d0%b8%d0%b5\/","url":"https:\/\/dementsus.ee\/ru\/%d0%bf%d0%be%d0%bb%d0%b5%d0%b7%d0%bd%d0%be%d0%b5-%d1%87%d1%82%d0%b5%d0%bd%d0%b8%d0%b5\/","name":"\u041f\u043e\u043b\u0435\u0437\u043d\u043e\u0435 \u0447\u0442\u0435\u043d\u0438\u0435 - Dementsuse Kompetentsikeskus","isPartOf":{"@id":"https:\/\/dementsus.ee\/ru\/#website"},"datePublished":"2023-07-20T10:41:28+00:00","dateModified":"2024-02-14T16:44:52+00:00","description":"Voldik Dementsus, Dementsuse S\u00f5brad, Juriidiline teave dementsusega inimestele ja nende l\u00e4hedastele, Alzheimeri t\u00f5ve patsiendijuhend jne","breadcrumb":{"@id":"https:\/\/dementsus.ee\/ru\/%d0%bf%d0%be%d0%bb%d0%b5%d0%b7%d0%bd%d0%be%d0%b5-%d1%87%d1%82%d0%b5%d0%bd%d0%b8%d0%b5\/#breadcrumb"},"inLanguage":"ru-RU","potentialAction":[{"@type":"ReadAction","target":["https:\/\/dementsus.ee\/ru\/%d0%bf%d0%be%d0%bb%d0%b5%d0%b7%d0%bd%d0%be%d0%b5-%d1%87%d1%82%d0%b5%d0%bd%d0%b8%d0%b5\/"]}]},{"@type":"BreadcrumbList","@id":"https:\/\/dementsus.ee\/ru\/%d0%bf%d0%be%d0%bb%d0%b5%d0%b7%d0%bd%d0%be%d0%b5-%d1%87%d1%82%d0%b5%d0%bd%d0%b8%d0%b5\/#breadcrumb","itemListElement":[{"@type":"ListItem","position":1,"name":"Esileht","item":"https:\/\/dementsus.ee\/ru\/"},{"@type":"ListItem","position":2,"name":"\u041f\u043e\u043b\u0435\u0437\u043d\u043e\u0435 \u0447\u0442\u0435\u043d\u0438\u0435"}]},{"@type":"WebSite","@id":"https:\/\/dementsus.ee\/ru\/#website","url":"https:\/\/dementsus.ee\/ru\/","name":"Dementsuse Kompetentsikeskus","description":"dementsuse info ja abi","publisher":{"@id":"https:\/\/dementsus.ee\/ru\/#organization"},"potentialAction":[{"@type":"SearchAction","target":{"@type":"EntryPoint","urlTemplate":"https:\/\/dementsus.ee\/ru\/?s={search_term_string}"},"query-input":{"@type":"PropertyValueSpecification","valueRequired":true,"valueName":"search_term_string"}}],"inLanguage":"ru-RU"},{"@type":"Organization","@id":"https:\/\/dementsus.ee\/ru\/#organization","name":"Dementsuse Kompetentsikeskus","url":"https:\/\/dementsus.ee\/ru\/","logo":{"@type":"ImageObject","inLanguage":"ru-RU","@id":"https:\/\/dementsus.ee\/ru\/#\/schema\/logo\/image\/","url":"https:\/\/dementsus.ee\/wp-content\/uploads\/2023\/07\/ED_logo_kodukale.svg","contentUrl":"https:\/\/dementsus.ee\/wp-content\/uploads\/2023\/07\/ED_logo_kodukale.svg","width":200,"height":53,"caption":"Dementsuse Kompetentsikeskus"},"image":{"@id":"https:\/\/dementsus.ee\/ru\/#\/schema\/logo\/image\/"}}]}},"_links":{"self":[{"href":"https:\/\/dementsus.ee\/ru\/wp-json\/wp\/v2\/pages\/14270","targetHints":{"allow":["GET"]}}],"collection":[{"href":"https:\/\/dementsus.ee\/ru\/wp-json\/wp\/v2\/pages"}],"about":[{"href":"https:\/\/dementsus.ee\/ru\/wp-json\/wp\/v2\/types\/page"}],"author":[{"embeddable":true,"href":"https:\/\/dementsus.ee\/ru\/wp-json\/wp\/v2\/users\/2"}],"replies":[{"embeddable":true,"href":"https:\/\/dementsus.ee\/ru\/wp-json\/wp\/v2\/comments?post=14270"}],"version-history":[{"count":4,"href":"https:\/\/dementsus.ee\/ru\/wp-json\/wp\/v2\/pages\/14270\/revisions"}],"predecessor-version":[{"id":14275,"href":"https:\/\/dementsus.ee\/ru\/wp-json\/wp\/v2\/pages\/14270\/revisions\/14275"}],"wp:attachment":[{"href":"https:\/\/dementsus.ee\/ru\/wp-json\/wp\/v2\/media?parent=14270"}],"curies":[{"name":"wp","href":"https:\/\/api.w.org\/{rel}","templated":true}]}}